{"id":9,"date":"2017-12-12T13:15:25","date_gmt":"2017-12-12T13:15:25","guid":{"rendered":"http:\/\/ayuntamiento.dev\/transparencia\/?page_id=9"},"modified":"2025-06-04T17:11:22","modified_gmt":"2025-06-04T21:11:22","slug":"mapa-de-sitio","status":"publish","type":"page","link":"https:\/\/juntadistritalarroyobarril.gob.do\/transparencia\/mapa-de-sitio\/","title":{"rendered":"Mapa de sitio"},"content":{"rendered":"<p>Puedes explorar un mapa satelital interactivo de Arroyo Barril, ubicado en la provincia de Saman\u00e1, Rep\u00fablica Dominicana, a trav\u00e9s de la plataforma [satellites.pro](https:\/\/satellites.pro\/mapa_de_Arroyo_Barril). Este mapa ofrece una vista detallada de la zona, incluyendo calles, edificios y caracter\u00edsticas geogr\u00e1ficas.<\/p>\n<p>\ud83d\udccd Coordenadas geogr\u00e1ficas de Arroyo Barril:<br \/>&#8211; Latitud: 19\u00b012&#8217;06\u00bb N<br \/>&#8211; Longitud: 69\u00b026&#8217;43\u00bb O<\/p>\n<p>Estas coordenadas te permitir\u00e1n ubicar con precisi\u00f3n el distrito municipal en cualquier aplicaci\u00f3n de mapas o GPS.<\/p>\n<p>Adem\u00e1s, puedes utilizar [Google Maps]<a href=\"https:\/\/maps.app.goo.gl\/7SWgDkf8XmiqVDD87\">(https:\/\/www.google.com\/maps\/place\/Arroyo+Barril,+Rep\u00fablica+Dominicana\/)<\/a> para obtener una vista satelital, calcular rutas y explorar puntos de inter\u00e9s en la zona.<\/p>\n\n","protected":false},"excerpt":{"rendered":"Puedes explorar un mapa satelital interactivo de Arroyo Barril, ubicado en la provincia de Saman\u00e1, Rep\u00fablica Dominicana, a trav\u00e9s de la plataforma [satellites.pro](https:\/\/satellites.pro\/mapa_de_Arroyo_Barril). Este mapa ofrece una vista detallada de la zona, incluyendo calles, edificios y caracter\u00edsticas geogr\u00e1ficas. \ud83d\udccd Coordenadas geogr\u00e1ficas de Arroyo Barril:&#8211; Latitud: 19\u00b012&#8217;06\u00bb N&#8211; Longitud: 69\u00b026&#8217;43\u00bb O Estas coordenadas te permitir\u00e1n ubicar&#8230;","protected":false},"author":4,"featured_media":0,"parent":0,"menu_order":0,"comment_status":"closed","ping_status":"closed","template":"template-mapadesitio.php","meta":[],"acf":[],"_links":{"self":[{"href":"https:\/\/juntadistritalarroyobarril.gob.do\/transparencia\/wp-json\/wp\/v2\/pages\/9"}],"collection":[{"href":"https:\/\/juntadistritalarroyobarril.gob.do\/transparencia\/wp-json\/wp\/v2\/pages"}],"about":[{"href":"https:\/\/juntadistritalarroyobarril.gob.do\/transparencia\/wp-json\/wp\/v2\/types\/page"}],"author":[{"embeddable":true,"href":"https:\/\/juntadistritalarroyobarril.gob.do\/transparencia\/wp-json\/wp\/v2\/users\/4"}],"replies":[{"embeddable":true,"href":"https:\/\/juntadistritalarroyobarril.gob.do\/transparencia\/wp-json\/wp\/v2\/comments?post=9"}],"version-history":[{"count":5,"href":"https:\/\/juntadistritalarroyobarril.gob.do\/transparencia\/wp-json\/wp\/v2\/pages\/9\/revisions"}],"predecessor-version":[{"id":1052,"href":"https:\/\/juntadistritalarroyobarril.gob.do\/transparencia\/wp-json\/wp\/v2\/pages\/9\/revisions\/1052"}],"wp:attachment":[{"href":"https:\/\/juntadistritalarroyobarril.gob.do\/transparencia\/wp-json\/wp\/v2\/media?parent=9"}],"curies":[{"name":"wp","href":"https:\/\/api.w.org\/{rel}","templated":true}]}}