{"id":78,"date":"2017-12-12T11:24:21","date_gmt":"2017-12-12T15:24:21","guid":{"rendered":"http:\/\/ayuntamiento.guineo\/transparencia\/?page_id=78"},"modified":"2025-05-13T11:44:38","modified_gmt":"2025-05-13T15:44:38","slug":"definicion-oaim-oficina-de-acceso-a-la-informacion-municipal","status":"publish","type":"page","link":"https:\/\/juntadistritalarroyobarril.gob.do\/transparencia\/definicion-oaim-oficina-de-acceso-a-la-informacion-municipal\/","title":{"rendered":"Oficina de Acceso a la Informaci\u00f3n (OAI)."},"content":{"rendered":"<p>La Ley No. 200-04 de Libre Acceso a la Informaci\u00f3n P\u00fablica, establece como un deber del Estado \u201cbrindar la informaci\u00f3n que esta ley [200-04] establece con car\u00e1cter obligatorio y de disponibilidad y actualizaci\u00f3n permanente y las informaciones que fueran requeridas en forma especial por los interesados\u201d.<\/p>\n<p>Seg\u00fan la Ley No. 200-04, de Libre Acceso a la Informaci\u00f3n P\u00fablica, en el Articulo 2.: sobre el Derecho a la Informaci\u00f3n y de Acceso a los Expedientes y Actas de Car\u00e1cter Administrativo, -Toda persona comprende el derecho de de acceder a las informaciones contenidas en actas y expedientes de la administraci\u00f3n p\u00fablica, as\u00ed como a estar informada peri\u00f3dicamente, cuando lo requiera, de las actividades que desarrollan entidades y personas que cumplen funciones p\u00fablicas, siempre y cuando este acceso no afecte la seguridad nacional, el orden p\u00fablico, la salud o la moral p\u00fablicas o el derecho a la privacidad e intimidad de un tercero el derecho a la reputaci\u00f3n de los dem\u00e1s. Tambi\u00e9n comprende la libertad de buscar, solicitar, recibir y difundir informaciones pertenecientes a la administraci\u00f3n del Estado y de formular consultas a las entidades y personas que cumplen funciones p\u00fablicas, teniendo derecho a obtener copia de los documentos que recopilen informaci\u00f3n sobre el ejercicio de las actividades de su\u00a0 competencia, con las \u00fanicas limitaciones, restricciones y condiciones establecidas en esta ley.<\/p>\n<p><strong>MISI\u00d3N de la Oficina de Acceso a la Informaci\u00f3n:<\/strong> Permitir a la ciudadan\u00eda el ejercicio de su derecho de acceso a la informaci\u00f3n P\u00fablica, manteniendo los valores de honestidad, integridad, transparencia, eficiencia y compromiso.<\/p>\n<p><strong>VISI\u00d3N de la Oficina de Acceso a la Informaci\u00f3n:<\/strong> Garantizar que las informaciones difundidas por la instituci\u00f3n y otorgadas al ciudadano como entidad de Administraci\u00f3n P\u00fablica sean recibidas de manera efectiva, veraz, adecuada y oportuna, para que este, pueda conocer las actividades que se desarrollan en la instituci\u00f3n.<\/p>\n","protected":false},"excerpt":{"rendered":"La Ley No. 200-04 de Libre Acceso a la Informaci\u00f3n P\u00fablica, establece como un deber del Estado \u201cbrindar la informaci\u00f3n que esta ley [200-04] establece con car\u00e1cter obligatorio y de disponibilidad y actualizaci\u00f3n permanente y las informaciones que fueran requeridas en forma especial por los interesados\u201d. Seg\u00fan la Ley No. 200-04, de Libre Acceso a&#8230;","protected":false},"author":4,"featured_media":0,"parent":0,"menu_order":0,"comment_status":"closed","ping_status":"closed","template":"","meta":[],"acf":[],"_links":{"self":[{"href":"https:\/\/juntadistritalarroyobarril.gob.do\/transparencia\/wp-json\/wp\/v2\/pages\/78"}],"collection":[{"href":"https:\/\/juntadistritalarroyobarril.gob.do\/transparencia\/wp-json\/wp\/v2\/pages"}],"about":[{"href":"https:\/\/juntadistritalarroyobarril.gob.do\/transparencia\/wp-json\/wp\/v2\/types\/page"}],"author":[{"embeddable":true,"href":"https:\/\/juntadistritalarroyobarril.gob.do\/transparencia\/wp-json\/wp\/v2\/users\/4"}],"replies":[{"embeddable":true,"href":"https:\/\/juntadistritalarroyobarril.gob.do\/transparencia\/wp-json\/wp\/v2\/comments?post=78"}],"version-history":[{"count":6,"href":"https:\/\/juntadistritalarroyobarril.gob.do\/transparencia\/wp-json\/wp\/v2\/pages\/78\/revisions"}],"predecessor-version":[{"id":1008,"href":"https:\/\/juntadistritalarroyobarril.gob.do\/transparencia\/wp-json\/wp\/v2\/pages\/78\/revisions\/1008"}],"wp:attachment":[{"href":"https:\/\/juntadistritalarroyobarril.gob.do\/transparencia\/wp-json\/wp\/v2\/media?parent=78"}],"curies":[{"name":"wp","href":"https:\/\/api.w.org\/{rel}","templated":true}]}}