{"id":56,"date":"2017-12-12T10:55:12","date_gmt":"2017-12-12T14:55:12","guid":{"rendered":"http:\/\/ayuntamiento.guineo\/transparencia\/?page_id=56"},"modified":"2025-05-13T11:42:06","modified_gmt":"2025-05-13T15:42:06","slug":"derechos-de-los-ciudadanos","status":"publish","type":"page","link":"https:\/\/juntadistritalarroyobarril.gob.do\/transparencia\/derechos-de-los-ciudadanos\/","title":{"rendered":"Derechos de los Ciudadanos"},"content":{"rendered":"<div>La Junta Distrital de Arroyo Barril, en cumplimiento con la Constituci\u00f3n de la Rep\u00fablica Dominicana, la Ley 176-07 del Distrito Nacional y los Municipios, y dem\u00e1s normativas aplicables, establece los presentes derechos y deberes para promover la convivencia arm\u00f3nica, el desarrollo integral y la participaci\u00f3n activa de todos los ciudadanos en la vida comunitaria.<\/div>\n<div><\/div>\n<div><\/div>\n<div><strong>1. Derecho a la Participaci\u00f3n Ciudadana:<\/strong><\/div>\n<div>Todos los ciudadanos tienen el derecho de involucrarse activamente en la toma de decisiones que afectan su comunidad, a trav\u00e9s de consultas p\u00fablicas, cabildos abiertos, juntas de vecinos y otros mecanismos participativos.<\/div>\n<div><\/div>\n<div><strong>2. Derecho a la Informaci\u00f3n P\u00fablica:<\/strong><\/div>\n<div>Los ciudadanos tienen derecho a recibir informaci\u00f3n veraz, oportuna y accesible sobre la gesti\u00f3n administrativa, presupuestaria y operativa de la Junta Distrital.<\/div>\n<div><\/div>\n<div><strong>3. Derecho a la Seguridad y a un Entorno Saludable:<\/strong><\/div>\n<div>Toda persona tiene derecho a vivir en un ambiente limpio, seguro y digno, libre de contaminaci\u00f3n, con servicios adecuados y espacios p\u00fablicos funcionales.<\/div>\n<div><\/div>\n<div><strong>4. Derecho a Servicios P\u00fablicos de Calidad:<\/strong><\/div>\n<div>La Junta Distrital se compromete a ofrecer servicios eficientes en \u00e1reas como limpieza, alumbrado, mantenimiento vial, espacios recreativos y otros que favorezcan el bienestar colectivo.<\/div>\n<div><\/div>\n<div><strong>5. Derecho a la Equidad y la no Discriminaci\u00f3n:<\/strong><\/div>\n<div>Todos los ciudadanos ser\u00e1n tratados con igualdad y respeto, sin distinci\u00f3n alguna por razones de sexo, edad, condici\u00f3n econ\u00f3mica, orientaci\u00f3n sexual, discapacidad, religi\u00f3n o ideolog\u00eda.<\/div>\n<div><\/div>\n<div><strong>6. Derecho a la Expresi\u00f3n y al Reclamo:<\/strong><\/div>\n<div>Cada ciudadano tiene derecho a expresar libremente sus opiniones, sugerencias o denuncias, y a recibir respuesta oportuna de parte de las autoridades distritales.<\/div>\n<div><\/div>\n<div><strong>7. Derecho al Desarrollo Integral:<\/strong><\/div>\n<div>La ciudadan\u00eda tiene derecho a participar y beneficiarse de iniciativas culturales, educativas, deportivas, econ\u00f3micas y sociales que impulsen el desarrollo humano y colectivo.<\/div>\n<div><\/div>\n<div><strong>8. Derecho a la Protecci\u00f3n del Patrimonio Comunitario:<\/strong><\/div>\n<div>Es derecho de los ciudadanos que se protejan y valoren los recursos naturales, culturales e hist\u00f3ricos de Arroyo Barril como bienes de todos.<\/div>\n","protected":false},"excerpt":{"rendered":"La Junta Distrital de Arroyo Barril, en cumplimiento con la Constituci\u00f3n de la Rep\u00fablica Dominicana, la Ley 176-07 del Distrito Nacional y los Municipios, y dem\u00e1s normativas aplicables, establece los presentes derechos y deberes para promover la convivencia arm\u00f3nica, el desarrollo integral y la participaci\u00f3n activa de todos los ciudadanos en la vida comunitaria. 1&#8230;.","protected":false},"author":4,"featured_media":0,"parent":0,"menu_order":0,"comment_status":"closed","ping_status":"closed","template":"","meta":[],"acf":[],"_links":{"self":[{"href":"https:\/\/juntadistritalarroyobarril.gob.do\/transparencia\/wp-json\/wp\/v2\/pages\/56"}],"collection":[{"href":"https:\/\/juntadistritalarroyobarril.gob.do\/transparencia\/wp-json\/wp\/v2\/pages"}],"about":[{"href":"https:\/\/juntadistritalarroyobarril.gob.do\/transparencia\/wp-json\/wp\/v2\/types\/page"}],"author":[{"embeddable":true,"href":"https:\/\/juntadistritalarroyobarril.gob.do\/transparencia\/wp-json\/wp\/v2\/users\/4"}],"replies":[{"embeddable":true,"href":"https:\/\/juntadistritalarroyobarril.gob.do\/transparencia\/wp-json\/wp\/v2\/comments?post=56"}],"version-history":[{"count":3,"href":"https:\/\/juntadistritalarroyobarril.gob.do\/transparencia\/wp-json\/wp\/v2\/pages\/56\/revisions"}],"predecessor-version":[{"id":1007,"href":"https:\/\/juntadistritalarroyobarril.gob.do\/transparencia\/wp-json\/wp\/v2\/pages\/56\/revisions\/1007"}],"wp:attachment":[{"href":"https:\/\/juntadistritalarroyobarril.gob.do\/transparencia\/wp-json\/wp\/v2\/media?parent=56"}],"curies":[{"name":"wp","href":"https:\/\/api.w.org\/{rel}","templated":true}]}}