{"id":339,"date":"2018-01-22T15:11:07","date_gmt":"2018-01-22T19:11:07","guid":{"rendered":"http:\/\/ayuntamiento.o\/transparencia\/?page_id=339"},"modified":"2025-05-13T11:33:31","modified_gmt":"2025-05-13T15:33:31","slug":"como-ser-proveedor","status":"publish","type":"page","link":"https:\/\/juntadistritalarroyobarril.gob.do\/transparencia\/como-ser-proveedor\/","title":{"rendered":"\u00bfC\u00f3mo ser proveedor?"},"content":{"rendered":"\n<p>Para ser proveedor de la Junta Distrital de Arroyo Barril, debes cumplir con una serie de requisitos establecidos por la Ley de Compras y Contrataciones P\u00fablicas de la Rep\u00fablica Dominicana (Ley 340-06) y los reglamentos internos de la Junta.\u00a0 A continuaci\u00f3n, te explico los pasos b\u00e1sicos:<\/p>\n<p>Pasos para Ser Proveedor de la Junta Distrital de Arroyo Barril<\/p>\n<p>1. Inscribirte en el Registro de Proveedores del Estado (RPE)<\/p>\n<p>Antes de poder ofrecer bienes o servicios a cualquier instituci\u00f3n p\u00fablica, debes estar registrado en el Registro de Proveedores del Estado (RPE) que administra la Direcci\u00f3n General de Contrataciones P\u00fablicas (DGCP).<\/p>\n<p>Requisitos comunes para inscripci\u00f3n:<br \/>\u2022 Copia de la c\u00e9dula (persona f\u00edsica) o RNC (persona jur\u00eddica).<br \/>\u2022 Certificaci\u00f3n de la DGII (Direcci\u00f3n General de Impuestos Internos).<br \/>\u2022 Certificado de no antecedentes penales (para personas f\u00edsicas).<br \/>\u2022 Registro Mercantil actualizado (para empresas).<br \/>\u2022 Llenar el formulario en l\u00ednea en:<\/p>\n<p>Recomendaciones adicionales<br \/>\u2022 Visita la Junta Distrital y deja tu carta de presentaci\u00f3n o portafolio.<br \/>\u2022 Solicita ser incluido en su base de datos interna de proveedores locales.<br \/>\u2022 Asiste a reuniones comunitarias o cabildos abiertos donde se discuten proyectos con potencial de contrataci\u00f3n.<\/p>\n","protected":false},"excerpt":{"rendered":"Para ser proveedor de la Junta Distrital de Arroyo Barril, debes cumplir con una serie de requisitos establecidos por la Ley de Compras y Contrataciones P\u00fablicas de la Rep\u00fablica Dominicana (Ley 340-06) y los reglamentos internos de la Junta.\u00a0 A continuaci\u00f3n, te explico los pasos b\u00e1sicos: Pasos para Ser Proveedor de la Junta Distrital de&#8230;","protected":false},"author":4,"featured_media":0,"parent":0,"menu_order":0,"comment_status":"closed","ping_status":"closed","template":"","meta":[],"acf":[],"_links":{"self":[{"href":"https:\/\/juntadistritalarroyobarril.gob.do\/transparencia\/wp-json\/wp\/v2\/pages\/339"}],"collection":[{"href":"https:\/\/juntadistritalarroyobarril.gob.do\/transparencia\/wp-json\/wp\/v2\/pages"}],"about":[{"href":"https:\/\/juntadistritalarroyobarril.gob.do\/transparencia\/wp-json\/wp\/v2\/types\/page"}],"author":[{"embeddable":true,"href":"https:\/\/juntadistritalarroyobarril.gob.do\/transparencia\/wp-json\/wp\/v2\/users\/4"}],"replies":[{"embeddable":true,"href":"https:\/\/juntadistritalarroyobarril.gob.do\/transparencia\/wp-json\/wp\/v2\/comments?post=339"}],"version-history":[{"count":4,"href":"https:\/\/juntadistritalarroyobarril.gob.do\/transparencia\/wp-json\/wp\/v2\/pages\/339\/revisions"}],"predecessor-version":[{"id":1005,"href":"https:\/\/juntadistritalarroyobarril.gob.do\/transparencia\/wp-json\/wp\/v2\/pages\/339\/revisions\/1005"}],"wp:attachment":[{"href":"https:\/\/juntadistritalarroyobarril.gob.do\/transparencia\/wp-json\/wp\/v2\/media?parent=339"}],"curies":[{"name":"wp","href":"https:\/\/api.w.org\/{rel}","templated":true}]}}